{"id":1180,"date":"2018-01-30T04:12:42","date_gmt":"2018-01-30T04:12:42","guid":{"rendered":"https:\/\/phperformancemtl.com\/etes-vous-formateur\/"},"modified":"2025-05-11T02:35:30","modified_gmt":"2025-05-11T02:35:30","slug":"etes-vous-formateur","status":"publish","type":"page","link":"https:\/\/phperformancemtl.com\/fr\/etes-vous-formateur\/","title":{"rendered":"\u00cates-vous formateur ?"},"content":{"rendered":"\t\t<div data-elementor-type=\"wp-post\" data-elementor-id=\"1180\" class=\"elementor elementor-1180 elementor-190\" data-elementor-post-type=\"page\">\n\t\t\t\t\t\t<section class=\"elementor-section elementor-top-section elementor-element elementor-element-74aa2c7 elementor-section-boxed elementor-section-height-default elementor-section-height-default\" data-id=\"74aa2c7\" data-element_type=\"section\" data-settings=\"{&quot;background_background&quot;:&quot;classic&quot;}\">\n\t\t\t\t\t\t\t<div class=\"elementor-background-overlay\"><\/div>\n\t\t\t\t\t\t\t<div class=\"elementor-container elementor-column-gap-no\">\n\t\t\t\t\t<div class=\"elementor-column elementor-col-100 elementor-top-column elementor-element elementor-element-762a82f\" data-id=\"762a82f\" data-element_type=\"column\">\n\t\t\t<div class=\"elementor-widget-wrap elementor-element-populated\">\n\t\t\t\t\t\t<div class=\"elementor-element elementor-element-7544edb the-title-center elementor-widget elementor-widget-maco-head-title\" data-id=\"7544edb\" data-element_type=\"widget\" data-widget_type=\"maco-head-title.default\">\n\t\t\t\t<div class=\"elementor-widget-container\">\n\t\t\t\t\t<div class=\"head-title head-title-8 text-center clearfix\">\r\n\t<h2 class=\"the-title elementor-inline-editing\" >\r\n\t\t\u00cates-vous un <span class=\"title-end\">formateur<\/span>\t<\/h2>\r\n\t<\/div>\r\n\t\t\t\t\t\t<\/div>\n\t\t\t\t<\/div>\n\t\t\t\t\t<\/div>\n\t\t<\/div>\n\t\t\t\t\t<\/div>\n\t\t<\/section>\n\t\t\t\t<section class=\"elementor-section elementor-top-section elementor-element elementor-element-15f41ce elementor-section-boxed elementor-section-height-default elementor-section-height-default\" data-id=\"15f41ce\" data-element_type=\"section\" data-settings=\"{&quot;background_background&quot;:&quot;classic&quot;}\">\n\t\t\t\t\t\t<div class=\"elementor-container elementor-column-gap-no\">\n\t\t\t\t\t<div class=\"elementor-column elementor-col-100 elementor-top-column elementor-element elementor-element-a0c7808\" data-id=\"a0c7808\" data-element_type=\"column\">\n\t\t\t<div class=\"elementor-widget-wrap elementor-element-populated\">\n\t\t\t\t\t\t<div class=\"elementor-element elementor-element-7506ac4 the-title-center elementor-widget elementor-widget-maco-head-title\" data-id=\"7506ac4\" data-element_type=\"widget\" data-widget_type=\"maco-head-title.default\">\n\t\t\t\t<div class=\"elementor-widget-container\">\n\t\t\t\t\t<div class=\"head-title head-title-2 text-center clearfix\">\r\n\t<h2 class=\"the-title elementor-inline-editing\" >\r\n\t\t\t\tRejoignez-nous aujourd'hui !\t<\/h2>\r\n<\/div>\r\n\t\t\t\t\t\t<\/div>\n\t\t\t\t<\/div>\n\t\t\t\t<div class=\"elementor-element elementor-element-6f6093b elementor-widget elementor-widget-maco-contact-form\" data-id=\"6f6093b\" data-element_type=\"widget\" data-widget_type=\"maco-contact-form.default\">\n\t\t\t\t<div class=\"elementor-widget-container\">\n\t\t\t\t\t\t\t\r\n\r\n<div class=\"maco-contact-form\">\r\n\n<div class=\"wpcf7 no-js\" id=\"wpcf7-f1273-o1\" lang=\"fr-FR\" dir=\"ltr\" data-wpcf7-id=\"1273\">\n<div class=\"screen-reader-response\"><p role=\"status\" aria-live=\"polite\" aria-atomic=\"true\"><\/p> <ul><\/ul><\/div>\n<form action=\"\/fr\/wp-json\/wp\/v2\/pages\/1180#wpcf7-f1273-o1\" method=\"post\" class=\"wpcf7-form init\" aria-label=\"Formulaire de contact\" novalidate=\"novalidate\" data-status=\"init\">\n<div style=\"display: none;\">\n<input type=\"hidden\" name=\"_wpcf7\" value=\"1273\" \/>\n<input type=\"hidden\" name=\"_wpcf7_version\" value=\"6.0.5\" \/>\n<input type=\"hidden\" name=\"_wpcf7_locale\" value=\"fr_FR\" \/>\n<input type=\"hidden\" name=\"_wpcf7_unit_tag\" value=\"wpcf7-f1273-o1\" \/>\n<input type=\"hidden\" name=\"_wpcf7_container_post\" value=\"0\" \/>\n<input type=\"hidden\" name=\"_wpcf7_posted_data_hash\" value=\"\" \/>\n<\/div>\n<div class=\"contact-form-style-1 clearfix\">\n\t<div class=\"contact-bordered item-column clearfix\">\n\t\t<p><span class=\"wpcf7-form-control-wrap\" data-name=\"votre-nom\"><input size=\"40\" maxlength=\"400\" class=\"wpcf7-form-control wpcf7-text wpcf7-validates-as-required\" aria-required=\"true\" aria-invalid=\"false\" placeholder=\"Nom\" value=\"\" type=\"text\" name=\"votre-nom\" \/><\/span><span class=\"contact-ef border-form-top\"><br \/>\n<\/span><br \/>\n<span class=\"contact-ef border-form-left\"><br \/>\n<\/span><br \/>\n<span class=\"contact-ef border-form-bottom\"><br \/>\n<\/span><br \/>\n<span class=\"contact-ef border-form-right\"><br \/>\n<\/span>\n\t\t<\/p>\n\t<\/div>\n\t<div class=\"contact-bordered item-column clearfix\">\n\t\t<p><span class=\"wpcf7-form-control-wrap\" data-name=\"your-email\"><input size=\"40\" maxlength=\"400\" class=\"wpcf7-form-control wpcf7-email wpcf7-validates-as-required wpcf7-text wpcf7-validates-as-email\" aria-required=\"true\" aria-invalid=\"false\" placeholder=\"Courriel\" value=\"\" type=\"email\" name=\"your-email\" \/><\/span><span class=\"contact-ef border-form-top\"><br \/>\n<\/span><br \/>\n<span class=\"contact-ef border-form-left\"><br \/>\n<\/span><br \/>\n<span class=\"contact-ef border-form-bottom\"><br \/>\n<\/span><br \/>\n<span class=\"contact-ef border-form-right\"><br \/>\n<\/span>\n\t\t<\/p>\n\t<\/div>\n\t<div class=\"contact-bordered item-column clearfix\">\n\t\t<p><span class=\"wpcf7-form-control-wrap\" data-name=\"your-subject\"><input size=\"40\" maxlength=\"400\" class=\"wpcf7-form-control wpcf7-text\" aria-invalid=\"false\" placeholder=\"Num\u00e9ro de t\u00e9l\u00e9phone\" value=\"\" type=\"text\" name=\"your-subject\" \/><\/span><span class=\"contact-ef border-form-top\"><br \/>\n<\/span><br \/>\n<span class=\"contact-ef border-form-left\"><br \/>\n<\/span><br \/>\n<span class=\"contact-ef border-form-bottom\"><br \/>\n<\/span><br \/>\n<span class=\"contact-ef border-form-right\"><br \/>\n<\/span>\n\t\t<\/p>\n\t<\/div>\n\t<div class=\"contact-bordered item-column text-area clearfix\">\n\t\t<p><span class=\"wpcf7-form-control-wrap\" data-name=\"your-message\"><textarea cols=\"40\" rows=\"10\" maxlength=\"2000\" class=\"wpcf7-form-control wpcf7-textarea\" aria-invalid=\"false\" placeholder=\"Texte\" name=\"your-message\"><\/textarea><\/span><span class=\"contact-ef border-form-top\"><br \/>\n<\/span><br \/>\n<span class=\"contact-ef border-form-left\"><br \/>\n<\/span><br \/>\n<span class=\"contact-ef border-form-bottom\"><br \/>\n<\/span><br \/>\n<span class=\"contact-ef border-form-right\"><br \/>\n<\/span>\n\t\t<\/p>\n\t<\/div>\n\t<div class=\"contact-submit clearfix\">\n\t\t<p><input class=\"wpcf7-form-control wpcf7-submit has-spinner\" type=\"submit\" value=\"Laissez un message\" \/>\n\t\t<\/p>\n\t<\/div>\n<\/div><div class=\"wpcf7-response-output\" aria-hidden=\"true\"><\/div>\n<\/form>\n<\/div>\n<\/div>\r\n\r\n\t\t\t\t<\/div>\n\t\t\t\t<\/div>\n\t\t\t\t\t<\/div>\n\t\t<\/div>\n\t\t\t\t\t<\/div>\n\t\t<\/section>\n\t\t\t\t<\/div>\n\t\t","protected":false},"excerpt":{"rendered":"","protected":false},"author":1,"featured_media":0,"parent":0,"menu_order":0,"comment_status":"closed","ping_status":"closed","template":"template\/page-builder-template.php","meta":{"footnotes":""},"class_list":["post-1180","page","type-page","status-publish","hentry"],"acf":[],"_links":{"self":[{"href":"https:\/\/phperformancemtl.com\/fr\/wp-json\/wp\/v2\/pages\/1180","targetHints":{"allow":["GET"]}}],"collection":[{"href":"https:\/\/phperformancemtl.com\/fr\/wp-json\/wp\/v2\/pages"}],"about":[{"href":"https:\/\/phperformancemtl.com\/fr\/wp-json\/wp\/v2\/types\/page"}],"author":[{"embeddable":true,"href":"https:\/\/phperformancemtl.com\/fr\/wp-json\/wp\/v2\/users\/1"}],"replies":[{"embeddable":true,"href":"https:\/\/phperformancemtl.com\/fr\/wp-json\/wp\/v2\/comments?post=1180"}],"version-history":[{"count":4,"href":"https:\/\/phperformancemtl.com\/fr\/wp-json\/wp\/v2\/pages\/1180\/revisions"}],"predecessor-version":[{"id":1272,"href":"https:\/\/phperformancemtl.com\/fr\/wp-json\/wp\/v2\/pages\/1180\/revisions\/1272"}],"wp:attachment":[{"href":"https:\/\/phperformancemtl.com\/fr\/wp-json\/wp\/v2\/media?parent=1180"}],"curies":[{"name":"wp","href":"https:\/\/api.w.org\/{rel}","templated":true}]}}